{"id":1282,"date":"2023-04-18T15:23:47","date_gmt":"2023-04-18T13:23:47","guid":{"rendered":"https:\/\/traptech.pl\/they-talk-about-us\/"},"modified":"2023-08-24T20:41:06","modified_gmt":"2023-08-24T18:41:06","slug":"they-talk-about-us","status":"publish","type":"page","link":"https:\/\/traptech.pl\/en\/they-talk-about-us\/","title":{"rendered":"They talk about us"},"content":{"rendered":"\t\t<div data-elementor-type=\"wp-page\" data-elementor-id=\"1282\" class=\"elementor elementor-1282 elementor-1115\" data-elementor-post-type=\"page\">\n\t\t\t\t\t\t\t\t\t<section class=\"elementor-section elementor-top-section elementor-element elementor-element-7a411b5 pbmit-col-stretched-none pbmit-bg-color-over-image elementor-section-boxed elementor-section-height-default elementor-section-height-default\" data-id=\"7a411b5\" data-element_type=\"section\">\n\t\t\t\t\t\t<div class=\"elementor-container elementor-column-gap-default\">\n\t\t\t\t\t<div class=\"elementor-column elementor-col-100 elementor-top-column elementor-element elementor-element-517938a pbmit-bg-color-over-image\" data-id=\"517938a\" data-element_type=\"column\">\n\t\t\t<div class=\"elementor-widget-wrap elementor-element-populated\">\n\t\t\t\t\t\t\t\t<section class=\"elementor-section elementor-inner-section elementor-element elementor-element-349674a pbmit-col-stretched-none pbmit-bg-color-over-image elementor-section-boxed elementor-section-height-default elementor-section-height-default\" data-id=\"349674a\" data-element_type=\"section\">\n\t\t\t\t\t\t<div class=\"elementor-container elementor-column-gap-default\">\n\t\t\t\t\t<div class=\"elementor-column elementor-col-25 elementor-inner-column elementor-element elementor-element-9b597a7 pbmit-bg-color-over-image\" data-id=\"9b597a7\" data-element_type=\"column\">\n\t\t\t<div class=\"elementor-widget-wrap elementor-element-populated\">\n\t\t\t\t\t\t\t\t<div class=\"elementor-element elementor-element-7e8dae0 elementor-widget elementor-widget-heading\" data-id=\"7e8dae0\" data-element_type=\"widget\" data-widget_type=\"heading.default\">\n\t\t\t\t<div class=\"elementor-widget-container\">\n\t\t\t<style>\/*! elementor - v3.15.0 - 20-08-2023 *\/\n.elementor-heading-title{padding:0;margin:0;line-height:1}.elementor-widget-heading .elementor-heading-title[class*=elementor-size-]>a{color:inherit;font-size:inherit;line-height:inherit}.elementor-widget-heading .elementor-heading-title.elementor-size-small{font-size:15px}.elementor-widget-heading .elementor-heading-title.elementor-size-medium{font-size:19px}.elementor-widget-heading .elementor-heading-title.elementor-size-large{font-size:29px}.elementor-widget-heading .elementor-heading-title.elementor-size-xl{font-size:39px}.elementor-widget-heading .elementor-heading-title.elementor-size-xxl{font-size:59px}<\/style><h3 class=\"elementor-heading-title elementor-size-default\">Downloads\nfor the media:<\/h3>\t\t<\/div>\n\t\t\t\t<\/div>\n\t\t\t\t\t<\/div>\n\t\t<\/div>\n\t\t\t\t<div class=\"elementor-column elementor-col-25 elementor-inner-column elementor-element elementor-element-5e02408 pbmit-bg-color-over-image\" data-id=\"5e02408\" data-element_type=\"column\">\n\t\t\t<div class=\"elementor-widget-wrap elementor-element-populated\">\n\t\t\t\t\t\t\t\t<div class=\"elementor-element elementor-element-21a807f pbmit-btn-color-blackish pbmit-btn-shape-rounded elementor-align-center pbmit-btn-hover-color-blackish pbmit-btn-style-flat elementor-widget elementor-widget-button\" data-id=\"21a807f\" data-element_type=\"widget\" data-widget_type=\"button.default\">\n\t\t\t\t<div class=\"elementor-widget-container\">\n\t\t\t\t\t<div class=\"elementor-button-wrapper\">\n\t\t\t<a class=\"elementor-button elementor-button-link elementor-size-sm\" href=\"https:\/\/traptech.pl\/wp-content\/uploads\/2023\/04\/TrapTech-zdjecia.zip\" target=\"_blank\" rel=\"nofollow\">\n\t\t\t\t\t\t<span class=\"elementor-button-content-wrapper\">\n\t\t\t\t\t\t<span class=\"elementor-button-text\">Photos<\/span>\n\t\t<\/span>\n\t\t\t\t\t<\/a>\n\t\t<\/div>\n\t\t\t\t<\/div>\n\t\t\t\t<\/div>\n\t\t\t\t\t<\/div>\n\t\t<\/div>\n\t\t\t\t<div class=\"elementor-column elementor-col-25 elementor-inner-column elementor-element elementor-element-2e58e07 pbmit-bg-color-over-image\" data-id=\"2e58e07\" data-element_type=\"column\">\n\t\t\t<div class=\"elementor-widget-wrap elementor-element-populated\">\n\t\t\t\t\t\t\t\t<div class=\"elementor-element elementor-element-99bd3fc pbmit-btn-color-blackish pbmit-btn-shape-rounded elementor-align-center pbmit-btn-hover-color-blackish pbmit-btn-style-flat elementor-widget elementor-widget-button\" data-id=\"99bd3fc\" data-element_type=\"widget\" data-widget_type=\"button.default\">\n\t\t\t\t<div class=\"elementor-widget-container\">\n\t\t\t\t\t<div class=\"elementor-button-wrapper\">\n\t\t\t<a class=\"elementor-button elementor-button-link elementor-size-sm\" href=\"https:\/\/traptech.pl\/wp-content\/uploads\/2023\/04\/TrapTech-Broszura.pdf\" target=\"_blank\" rel=\"nofollow\">\n\t\t\t\t\t\t<span class=\"elementor-button-content-wrapper\">\n\t\t\t\t\t\t<span class=\"elementor-button-text\">Brochure<\/span>\n\t\t<\/span>\n\t\t\t\t\t<\/a>\n\t\t<\/div>\n\t\t\t\t<\/div>\n\t\t\t\t<\/div>\n\t\t\t\t\t<\/div>\n\t\t<\/div>\n\t\t\t\t<div class=\"elementor-column elementor-col-25 elementor-inner-column elementor-element elementor-element-06bbd80 pbmit-bg-color-over-image\" data-id=\"06bbd80\" data-element_type=\"column\">\n\t\t\t<div class=\"elementor-widget-wrap elementor-element-populated\">\n\t\t\t\t\t\t\t\t<div class=\"elementor-element elementor-element-a59c38d pbmit-btn-color-blackish pbmit-btn-shape-rounded elementor-align-center pbmit-btn-hover-color-blackish pbmit-btn-style-flat elementor-widget elementor-widget-button\" data-id=\"a59c38d\" data-element_type=\"widget\" data-widget_type=\"button.default\">\n\t\t\t\t<div class=\"elementor-widget-container\">\n\t\t\t\t\t<div class=\"elementor-button-wrapper\">\n\t\t\t<a class=\"elementor-button elementor-button-link elementor-size-sm\" href=\"https:\/\/traptech.pl\/wp-content\/uploads\/2023\/04\/TrapTech-logo.zip\" target=\"_blank\" rel=\"nofollow\">\n\t\t\t\t\t\t<span class=\"elementor-button-content-wrapper\">\n\t\t\t\t\t\t<span class=\"elementor-button-text\">Book of Marks<\/span>\n\t\t<\/span>\n\t\t\t\t\t<\/a>\n\t\t<\/div>\n\t\t\t\t<\/div>\n\t\t\t\t<\/div>\n\t\t\t\t\t<\/div>\n\t\t<\/div>\n\t\t\t\t\t\t\t<\/div>\n\t\t<\/section>\n\t\t\t\t\t<\/div>\n\t\t<\/div>\n\t\t\t\t\t\t\t<\/div>\n\t\t<\/section>\n\t\t\t\t<section class=\"elementor-section elementor-top-section elementor-element elementor-element-ac06e06 pbmit-col-stretched-none pbmit-bg-color-over-image elementor-section-boxed elementor-section-height-default elementor-section-height-default\" data-id=\"ac06e06\" data-element_type=\"section\">\n\t\t\t\t\t\t<div class=\"elementor-container elementor-column-gap-default\">\n\t\t\t\t\t<div class=\"elementor-column elementor-col-100 elementor-top-column elementor-element elementor-element-38c7a02 pbmit-bg-color-over-image\" data-id=\"38c7a02\" data-element_type=\"column\">\n\t\t\t<div class=\"elementor-widget-wrap elementor-element-populated\">\n\t\t\t\t\t\t\t\t<section class=\"elementor-section elementor-inner-section elementor-element elementor-element-55a5006 pbmit-col-stretched-none pbmit-bg-color-over-image elementor-section-boxed elementor-section-height-default elementor-section-height-default\" data-id=\"55a5006\" data-element_type=\"section\">\n\t\t\t\t\t\t<div class=\"elementor-container elementor-column-gap-default\">\n\t\t\t\t\t<div class=\"elementor-column elementor-col-50 elementor-inner-column elementor-element elementor-element-04c8786 pbmit-bg-color-over-image\" data-id=\"04c8786\" data-element_type=\"column\">\n\t\t\t<div class=\"elementor-widget-wrap elementor-element-populated\">\n\t\t\t\t\t\t\t\t<div class=\"elementor-element elementor-element-09a66c0 elementor-widget elementor-widget-image\" data-id=\"09a66c0\" data-element_type=\"widget\" data-widget_type=\"image.default\">\n\t\t\t\t<div class=\"elementor-widget-container\">\n\t\t\t<style>\/*! elementor - v3.15.0 - 20-08-2023 *\/\n.elementor-widget-image{text-align:center}.elementor-widget-image a{display:inline-block}.elementor-widget-image a img[src$=\".svg\"]{width:48px}.elementor-widget-image img{vertical-align:middle;display:inline-block}<\/style>\t\t\t\t\t\t\t\t\t\t\t\t<img loading=\"lazy\" decoding=\"async\" width=\"847\" height=\"476\" src=\"data:image\/gif;base64,R0lGODlhAQABAAAAACH5BAEKAAEALAAAAAABAAEAAAICTAEAOw==\" class=\"attachment-large size-large wp-image-1146 lazyload\" alt=\"Zdj\u0119cie przedstawia stron\u0119 startow\u0105 prezentacji za\u0142o\u017cyciela TrapTech podczas The Hack Summit\" sizes=\"auto, (max-width: 847px) 100vw, 847px\" data-src=\"https:\/\/traptech.pl\/wp-content\/uploads\/2023\/04\/SCR-20230418-plmg-1024x575.png\" data-srcset=\"https:\/\/traptech.pl\/wp-content\/uploads\/2023\/04\/SCR-20230418-plmg-1024x575.png 1024w, https:\/\/traptech.pl\/wp-content\/uploads\/2023\/04\/SCR-20230418-plmg-800x449.png 800w, https:\/\/traptech.pl\/wp-content\/uploads\/2023\/04\/SCR-20230418-plmg-300x168.png 300w, https:\/\/traptech.pl\/wp-content\/uploads\/2023\/04\/SCR-20230418-plmg-768x431.png 768w, https:\/\/traptech.pl\/wp-content\/uploads\/2023\/04\/SCR-20230418-plmg-770x432.png 770w, https:\/\/traptech.pl\/wp-content\/uploads\/2023\/04\/SCR-20230418-plmg.png 1273w\">\t\t\t\t\t\t\t\t\t\t\t\t\t\t\t<\/div>\n\t\t\t\t<\/div>\n\t\t\t\t\t<\/div>\n\t\t<\/div>\n\t\t\t\t<div class=\"elementor-column elementor-col-50 elementor-inner-column elementor-element elementor-element-5a7cf9b pbmit-bg-color-over-image\" data-id=\"5a7cf9b\" data-element_type=\"column\">\n\t\t\t<div class=\"elementor-widget-wrap elementor-element-populated\">\n\t\t\t\t\t\t\t\t<div class=\"elementor-element elementor-element-31df56e elementor-widget elementor-widget-heading\" data-id=\"31df56e\" data-element_type=\"widget\" data-widget_type=\"heading.default\">\n\t\t\t\t<div class=\"elementor-widget-container\">\n\t\t\t<h3 class=\"elementor-heading-title elementor-size-default\">Honeypot vs Red Teaming Toolkit<\/h3>\t\t<\/div>\n\t\t\t\t<\/div>\n\t\t\t\t<div class=\"elementor-element elementor-element-bebdb59 elementor-widget elementor-widget-text-editor\" data-id=\"bebdb59\" data-element_type=\"widget\" data-widget_type=\"text-editor.default\">\n\t\t\t\t<div class=\"elementor-widget-container\">\n\t\t\t<style>\/*! elementor - v3.15.0 - 20-08-2023 *\/\n.elementor-widget-text-editor.elementor-drop-cap-view-stacked .elementor-drop-cap{background-color:#69727d;color:#fff}.elementor-widget-text-editor.elementor-drop-cap-view-framed .elementor-drop-cap{color:#69727d;border:3px solid;background-color:transparent}.elementor-widget-text-editor:not(.elementor-drop-cap-view-default) .elementor-drop-cap{margin-top:8px}.elementor-widget-text-editor:not(.elementor-drop-cap-view-default) .elementor-drop-cap-letter{width:1em;height:1em}.elementor-widget-text-editor .elementor-drop-cap{float:left;text-align:center;line-height:1;font-size:50px}.elementor-widget-text-editor .elementor-drop-cap-letter{display:inline-block}<\/style>\t\t\t\t<p>We will talk about honeypots and the lures that lead to the attacker&#8217;s honeypots. During the presentation, we will compromise a workstation and use popular red team tools to play the role of a cybercriminal. I will present, using examples, the use of Deception technology (&#8230;)<\/p>\n\t\t\t\t\t\t<\/div>\n\t\t\t\t<\/div>\n\t\t\t\t<div class=\"elementor-element elementor-element-6ecaf62 pbmit-btn-color-secondary pbmit-btn-shape-rounded pbmit-btn-hover-color-blackish pbmit-btn-style-flat elementor-widget elementor-widget-button\" data-id=\"6ecaf62\" data-element_type=\"widget\" data-widget_type=\"button.default\">\n\t\t\t\t<div class=\"elementor-widget-container\">\n\t\t\t\t\t<div class=\"elementor-button-wrapper\">\n\t\t\t<a class=\"elementor-button elementor-button-link elementor-size-sm\" href=\"https:\/\/traptech.pl\/wp-content\/uploads\/2023\/04\/PLTHS22_Piotr_Madej.pdf\" target=\"_blank\" rel=\"nofollow\">\n\t\t\t\t\t\t<span class=\"elementor-button-content-wrapper\">\n\t\t\t\t\t\t<span class=\"elementor-button-text\">Read<\/span>\n\t\t<\/span>\n\t\t\t\t\t<\/a>\n\t\t<\/div>\n\t\t\t\t<\/div>\n\t\t\t\t<\/div>\n\t\t\t\t\t<\/div>\n\t\t<\/div>\n\t\t\t\t\t\t\t<\/div>\n\t\t<\/section>\n\t\t\t\t<section class=\"elementor-section elementor-inner-section elementor-element elementor-element-356a2bf pbmit-col-stretched-none pbmit-bg-color-over-image elementor-section-boxed elementor-section-height-default elementor-section-height-default\" data-id=\"356a2bf\" data-element_type=\"section\">\n\t\t\t\t\t\t<div class=\"elementor-container elementor-column-gap-default\">\n\t\t\t\t\t<div class=\"elementor-column elementor-col-50 elementor-inner-column elementor-element elementor-element-55dfac2 pbmit-bg-color-over-image\" data-id=\"55dfac2\" data-element_type=\"column\">\n\t\t\t<div class=\"elementor-widget-wrap elementor-element-populated\">\n\t\t\t\t\t\t\t\t<div class=\"elementor-element elementor-element-afb7239 elementor-widget elementor-widget-image\" data-id=\"afb7239\" data-element_type=\"widget\" data-widget_type=\"image.default\">\n\t\t\t\t<div class=\"elementor-widget-container\">\n\t\t\t\t\t\t\t\t\t\t\t\t\t\t\t<img loading=\"lazy\" decoding=\"async\" width=\"576\" height=\"324\" src=\"data:image\/gif;base64,R0lGODlhAQABAAAAACH5BAEKAAEALAAAAAABAAEAAAICTAEAOw==\" class=\"attachment-large size-large wp-image-1165 lazyload\" alt=\"Piotr Madej: Stworzyli\u015bmy cyfrowe pole minowe, chroni\u0105ce przed hakerami (podcast)\" sizes=\"auto, (max-width: 576px) 100vw, 576px\" data-src=\"https:\/\/traptech.pl\/wp-content\/uploads\/2023\/04\/81344.png\" data-srcset=\"https:\/\/traptech.pl\/wp-content\/uploads\/2023\/04\/81344.png 576w, https:\/\/traptech.pl\/wp-content\/uploads\/2023\/04\/81344-300x169.png 300w\">\t\t\t\t\t\t\t\t\t\t\t\t\t\t\t<\/div>\n\t\t\t\t<\/div>\n\t\t\t\t\t<\/div>\n\t\t<\/div>\n\t\t\t\t<div class=\"elementor-column elementor-col-50 elementor-inner-column elementor-element elementor-element-1583ebd pbmit-bg-color-over-image\" data-id=\"1583ebd\" data-element_type=\"column\">\n\t\t\t<div class=\"elementor-widget-wrap elementor-element-populated\">\n\t\t\t\t\t\t\t\t<div class=\"elementor-element elementor-element-c885b2e elementor-widget elementor-widget-heading\" data-id=\"c885b2e\" data-element_type=\"widget\" data-widget_type=\"heading.default\">\n\t\t\t\t<div class=\"elementor-widget-container\">\n\t\t\t<h3 class=\"elementor-heading-title elementor-size-default\">Piotr Madej: We have created a digital minefield to protect against hackers (podcast) <\/h3>\t\t<\/div>\n\t\t\t\t<\/div>\n\t\t\t\t<div class=\"elementor-element elementor-element-21d9ddf elementor-widget elementor-widget-text-editor\" data-id=\"21d9ddf\" data-element_type=\"widget\" data-widget_type=\"text-editor.default\">\n\t\t\t\t<div class=\"elementor-widget-container\">\n\t\t\t\t\t\t\t<p>The honeypot itself refers to the fact that we try to draw the attacker away by showing him false systems and leads that seem lucrative to him at first glance. The moment an attacker connects to us, we are the ones who are able to issue an alert, and importantly, we pull them away from production systems (&#8230;).<\/p>\n\t\t\t\t\t\t<\/div>\n\t\t\t\t<\/div>\n\t\t\t\t<div class=\"elementor-element elementor-element-5b87c36 pbmit-btn-color-secondary pbmit-btn-shape-rounded pbmit-btn-hover-color-blackish pbmit-btn-style-flat elementor-widget elementor-widget-button\" data-id=\"5b87c36\" data-element_type=\"widget\" data-widget_type=\"button.default\">\n\t\t\t\t<div class=\"elementor-widget-container\">\n\t\t\t\t\t<div class=\"elementor-button-wrapper\">\n\t\t\t<a class=\"elementor-button elementor-button-link elementor-size-sm\" href=\"https:\/\/mamstartup.pl\/piotr-madej-stworzylismy-cyfrowe-pole-minowe-chroniace-przed-hakerami-podcast\/\" target=\"_blank\" rel=\"nofollow\">\n\t\t\t\t\t\t<span class=\"elementor-button-content-wrapper\">\n\t\t\t\t\t\t<span class=\"elementor-button-text\">Listen to<\/span>\n\t\t<\/span>\n\t\t\t\t\t<\/a>\n\t\t<\/div>\n\t\t\t\t<\/div>\n\t\t\t\t<\/div>\n\t\t\t\t\t<\/div>\n\t\t<\/div>\n\t\t\t\t\t\t\t<\/div>\n\t\t<\/section>\n\t\t\t\t<section class=\"elementor-section elementor-inner-section elementor-element elementor-element-4f4b3e0 pbmit-col-stretched-none pbmit-bg-color-over-image elementor-section-boxed elementor-section-height-default elementor-section-height-default\" data-id=\"4f4b3e0\" data-element_type=\"section\">\n\t\t\t\t\t\t<div class=\"elementor-container elementor-column-gap-default\">\n\t\t\t\t\t<div class=\"elementor-column elementor-col-50 elementor-inner-column elementor-element elementor-element-a91620a pbmit-bg-color-over-image\" data-id=\"a91620a\" data-element_type=\"column\">\n\t\t\t<div class=\"elementor-widget-wrap elementor-element-populated\">\n\t\t\t\t\t\t\t\t<div class=\"elementor-element elementor-element-6335b50 elementor-widget elementor-widget-image\" data-id=\"6335b50\" data-element_type=\"widget\" data-widget_type=\"image.default\">\n\t\t\t\t<div class=\"elementor-widget-container\">\n\t\t\t\t\t\t\t\t\t\t\t\t\t\t\t<img loading=\"lazy\" decoding=\"async\" width=\"847\" height=\"444\" src=\"data:image\/gif;base64,R0lGODlhAQABAAAAACH5BAEKAAEALAAAAAABAAEAAAICTAEAOw==\" class=\"attachment-large size-large wp-image-1170 lazyload\" alt=\"Logo podcastu &quot;Czarny Wywiad&quot;\" sizes=\"auto, (max-width: 847px) 100vw, 847px\" data-src=\"https:\/\/traptech.pl\/wp-content\/uploads\/2023\/04\/SCR-20230418-pnie-1024x537.jpeg\" data-srcset=\"https:\/\/traptech.pl\/wp-content\/uploads\/2023\/04\/SCR-20230418-pnie-1024x537.jpeg 1024w, https:\/\/traptech.pl\/wp-content\/uploads\/2023\/04\/SCR-20230418-pnie-800x419.jpeg 800w, https:\/\/traptech.pl\/wp-content\/uploads\/2023\/04\/SCR-20230418-pnie-300x157.jpeg 300w, https:\/\/traptech.pl\/wp-content\/uploads\/2023\/04\/SCR-20230418-pnie-768x402.jpeg 768w, https:\/\/traptech.pl\/wp-content\/uploads\/2023\/04\/SCR-20230418-pnie-1536x805.jpeg 1536w, https:\/\/traptech.pl\/wp-content\/uploads\/2023\/04\/SCR-20230418-pnie-770x403.jpeg 770w, https:\/\/traptech.pl\/wp-content\/uploads\/2023\/04\/SCR-20230418-pnie.jpeg 1832w\">\t\t\t\t\t\t\t\t\t\t\t\t\t\t\t<\/div>\n\t\t\t\t<\/div>\n\t\t\t\t\t<\/div>\n\t\t<\/div>\n\t\t\t\t<div class=\"elementor-column elementor-col-50 elementor-inner-column elementor-element elementor-element-e910c84 pbmit-bg-color-over-image\" data-id=\"e910c84\" data-element_type=\"column\">\n\t\t\t<div class=\"elementor-widget-wrap elementor-element-populated\">\n\t\t\t\t\t\t\t\t<div class=\"elementor-element elementor-element-9518183 elementor-widget elementor-widget-heading\" data-id=\"9518183\" data-element_type=\"widget\" data-widget_type=\"heading.default\">\n\t\t\t\t<div class=\"elementor-widget-container\">\n\t\t\t<h3 class=\"elementor-heading-title elementor-size-default\">Black Interview 006<\/h3>\t\t<\/div>\n\t\t\t\t<\/div>\n\t\t\t\t<div class=\"elementor-element elementor-element-a8b563a elementor-widget elementor-widget-text-editor\" data-id=\"a8b563a\" data-element_type=\"widget\" data-widget_type=\"text-editor.default\">\n\t\t\t\t<div class=\"elementor-widget-container\">\n\t\t\t\t\t\t\t<p>The guest was Piotr Madej. Among other things, we talked about OSCP and OSCE certifications, fake resources, and tips not only for beginners, but also for cyber security experts. (&#8230;)<\/p>\n\t\t\t\t\t\t<\/div>\n\t\t\t\t<\/div>\n\t\t\t\t<div class=\"elementor-element elementor-element-1402be5 pbmit-btn-color-secondary pbmit-btn-shape-rounded pbmit-btn-hover-color-blackish pbmit-btn-style-flat elementor-widget elementor-widget-button\" data-id=\"1402be5\" data-element_type=\"widget\" data-widget_type=\"button.default\">\n\t\t\t\t<div class=\"elementor-widget-container\">\n\t\t\t\t\t<div class=\"elementor-button-wrapper\">\n\t\t\t<a class=\"elementor-button elementor-button-link elementor-size-sm\" href=\"https:\/\/mamstartup.pl\/piotr-madej-stworzylismy-cyfrowe-pole-minowe-chroniace-przed-hakerami-podcast\/\" target=\"_blank\" rel=\"nofollow\">\n\t\t\t\t\t\t<span class=\"elementor-button-content-wrapper\">\n\t\t\t\t\t\t<span class=\"elementor-button-text\">Listen to<\/span>\n\t\t<\/span>\n\t\t\t\t\t<\/a>\n\t\t<\/div>\n\t\t\t\t<\/div>\n\t\t\t\t<\/div>\n\t\t\t\t\t<\/div>\n\t\t<\/div>\n\t\t\t\t\t\t\t<\/div>\n\t\t<\/section>\n\t\t\t\t<section class=\"elementor-section elementor-inner-section elementor-element elementor-element-29e8928 pbmit-col-stretched-none pbmit-bg-color-over-image elementor-section-boxed elementor-section-height-default elementor-section-height-default\" data-id=\"29e8928\" data-element_type=\"section\">\n\t\t\t\t\t\t<div class=\"elementor-container elementor-column-gap-default\">\n\t\t\t\t\t<div class=\"elementor-column elementor-col-50 elementor-inner-column elementor-element elementor-element-0f88d0e pbmit-bg-color-over-image\" data-id=\"0f88d0e\" data-element_type=\"column\">\n\t\t\t<div class=\"elementor-widget-wrap elementor-element-populated\">\n\t\t\t\t\t\t\t\t<div class=\"elementor-element elementor-element-87e2281 elementor-widget elementor-widget-image\" data-id=\"87e2281\" data-element_type=\"widget\" data-widget_type=\"image.default\">\n\t\t\t\t<div class=\"elementor-widget-container\">\n\t\t\t\t\t\t\t\t\t\t\t\t\t\t\t<img loading=\"lazy\" decoding=\"async\" width=\"847\" height=\"551\" src=\"data:image\/gif;base64,R0lGODlhAQABAAAAACH5BAEKAAEALAAAAAABAAEAAAICTAEAOw==\" class=\"attachment-large size-large wp-image-1172 lazyload\" alt=\"Screen zwi\u0105zany z artyku\u0142em o Polskim sektorze cyberbezpiecze\u0144stwa\" sizes=\"auto, (max-width: 847px) 100vw, 847px\" data-src=\"https:\/\/traptech.pl\/wp-content\/uploads\/2023\/04\/SCR-20230418-pnty-1024x666.png\" data-srcset=\"https:\/\/traptech.pl\/wp-content\/uploads\/2023\/04\/SCR-20230418-pnty-1024x666.png 1024w, https:\/\/traptech.pl\/wp-content\/uploads\/2023\/04\/SCR-20230418-pnty-800x521.png 800w, https:\/\/traptech.pl\/wp-content\/uploads\/2023\/04\/SCR-20230418-pnty-300x195.png 300w, https:\/\/traptech.pl\/wp-content\/uploads\/2023\/04\/SCR-20230418-pnty-768x500.png 768w, https:\/\/traptech.pl\/wp-content\/uploads\/2023\/04\/SCR-20230418-pnty-770x501.png 770w, https:\/\/traptech.pl\/wp-content\/uploads\/2023\/04\/SCR-20230418-pnty.png 1223w\">\t\t\t\t\t\t\t\t\t\t\t\t\t\t\t<\/div>\n\t\t\t\t<\/div>\n\t\t\t\t\t<\/div>\n\t\t<\/div>\n\t\t\t\t<div class=\"elementor-column elementor-col-50 elementor-inner-column elementor-element elementor-element-ef22309 pbmit-bg-color-over-image\" data-id=\"ef22309\" data-element_type=\"column\">\n\t\t\t<div class=\"elementor-widget-wrap elementor-element-populated\">\n\t\t\t\t\t\t\t\t<div class=\"elementor-element elementor-element-63e6801 elementor-widget elementor-widget-heading\" data-id=\"63e6801\" data-element_type=\"widget\" data-widget_type=\"heading.default\">\n\t\t\t\t<div class=\"elementor-widget-container\">\n\t\t\t<h3 class=\"elementor-heading-title elementor-size-default\">Poland's cyber security sector - meet start-ups that are improving online security<\/h3>\t\t<\/div>\n\t\t\t\t<\/div>\n\t\t\t\t<div class=\"elementor-element elementor-element-6c7539c elementor-widget elementor-widget-text-editor\" data-id=\"6c7539c\" data-element_type=\"widget\" data-widget_type=\"text-editor.default\">\n\t\t\t\t<div class=\"elementor-widget-container\">\n\t\t\t\t\t\t\t<p>The increasing digitization of work, industry, science or health, in addition to its many conveniences, also brings risks in the form of vulnerability to cyber attacks. The consequence is increased spending on cybersecurity &#8211; investment in the sector reached $25 billion in 2021 &#8211; as well as the growth of cybersecurity start-ups (&#8230;).<\/p>\n\t\t\t\t\t\t<\/div>\n\t\t\t\t<\/div>\n\t\t\t\t<div class=\"elementor-element elementor-element-d761bbb pbmit-btn-color-secondary pbmit-btn-shape-rounded pbmit-btn-hover-color-blackish pbmit-btn-style-flat elementor-widget elementor-widget-button\" data-id=\"d761bbb\" data-element_type=\"widget\" data-widget_type=\"button.default\">\n\t\t\t\t<div class=\"elementor-widget-container\">\n\t\t\t\t\t<div class=\"elementor-button-wrapper\">\n\t\t\t<a class=\"elementor-button elementor-button-link elementor-size-sm\" href=\"https:\/\/startup.pfr.pl\/pl\/aktualnosci\/polski-sektor-cyberbezpieczenstwa-poznaj-start-upy-ktore-poprawi\/\" target=\"_blank\" rel=\"nofollow\">\n\t\t\t\t\t\t<span class=\"elementor-button-content-wrapper\">\n\t\t\t\t\t\t<span class=\"elementor-button-text\">Read<\/span>\n\t\t<\/span>\n\t\t\t\t\t<\/a>\n\t\t<\/div>\n\t\t\t\t<\/div>\n\t\t\t\t<\/div>\n\t\t\t\t\t<\/div>\n\t\t<\/div>\n\t\t\t\t\t\t\t<\/div>\n\t\t<\/section>\n\t\t\t\t\t<\/div>\n\t\t<\/div>\n\t\t\t\t\t\t\t<\/div>\n\t\t<\/section>\n\t\t\t\t\t\t\t<\/div>\n\t\t","protected":false},"excerpt":{"rendered":"<p>Downloads for the media: Photos Brochure Book of Marks Honeypot vs Red Teaming Toolkit We will talk about honeypots and the lures that lead to the attacker&#8217;s honeypots. During the presentation, we will compromise a workstation and use popular red team tools to play the role of a cybercriminal. I will present, using examples, the [&hellip;]<\/p>\n","protected":false},"author":1,"featured_media":0,"parent":0,"menu_order":0,"comment_status":"closed","ping_status":"closed","template":"","meta":{"footnotes":""},"class_list":["post-1282","page","type-page","status-publish","hentry"],"acf":[],"_links":{"self":[{"href":"https:\/\/traptech.pl\/en\/wp-json\/wp\/v2\/pages\/1282","targetHints":{"allow":["GET"]}}],"collection":[{"href":"https:\/\/traptech.pl\/en\/wp-json\/wp\/v2\/pages"}],"about":[{"href":"https:\/\/traptech.pl\/en\/wp-json\/wp\/v2\/types\/page"}],"author":[{"embeddable":true,"href":"https:\/\/traptech.pl\/en\/wp-json\/wp\/v2\/users\/1"}],"replies":[{"embeddable":true,"href":"https:\/\/traptech.pl\/en\/wp-json\/wp\/v2\/comments?post=1282"}],"version-history":[{"count":1,"href":"https:\/\/traptech.pl\/en\/wp-json\/wp\/v2\/pages\/1282\/revisions"}],"predecessor-version":[{"id":1284,"href":"https:\/\/traptech.pl\/en\/wp-json\/wp\/v2\/pages\/1282\/revisions\/1284"}],"wp:attachment":[{"href":"https:\/\/traptech.pl\/en\/wp-json\/wp\/v2\/media?parent=1282"}],"curies":[{"name":"wp","href":"https:\/\/api.w.org\/{rel}","templated":true}]}}