{"id":1439,"date":"2023-04-11T16:25:31","date_gmt":"2023-04-11T14:25:31","guid":{"rendered":"https:\/\/traptech.pl\/grants\/"},"modified":"2023-12-14T22:12:44","modified_gmt":"2023-12-14T20:12:44","slug":"grants","status":"publish","type":"page","link":"https:\/\/traptech.pl\/en\/grants\/","title":{"rendered":"Grants"},"content":{"rendered":"\t\t<div data-elementor-type=\"wp-page\" data-elementor-id=\"1439\" class=\"elementor elementor-1439 elementor-989\" data-elementor-post-type=\"page\">\n\t\t\t\t\t\t\t\t\t<section class=\"elementor-section elementor-top-section elementor-element elementor-element-1a6a1ec pbmit-col-stretched-none pbmit-bg-color-over-image elementor-section-boxed elementor-section-height-default elementor-section-height-default\" data-id=\"1a6a1ec\" data-element_type=\"section\">\n\t\t\t\t\t\t<div class=\"elementor-container elementor-column-gap-default\">\n\t\t\t\t\t<div class=\"elementor-column elementor-col-100 elementor-top-column elementor-element elementor-element-b1199c4 pbmit-bg-color-over-image\" data-id=\"b1199c4\" data-element_type=\"column\">\n\t\t\t<div class=\"elementor-widget-wrap elementor-element-populated\">\n\t\t\t\t\t\t\t\t<div class=\"elementor-element elementor-element-aaef834 elementor-widget elementor-widget-image-gallery\" data-id=\"aaef834\" data-element_type=\"widget\" data-widget_type=\"image-gallery.default\">\n\t\t\t\t<div class=\"elementor-widget-container\">\n\t\t\t<style>\/*! elementor - v3.15.0 - 20-08-2023 *\/\n.elementor-image-gallery .gallery-item{display:inline-block;text-align:center;vertical-align:top;width:100%;max-width:100%;margin:0 auto}.elementor-image-gallery .gallery-item img{margin:0 auto}.elementor-image-gallery .gallery-item .gallery-caption{margin:0}.elementor-image-gallery figure img{display:block}.elementor-image-gallery figure figcaption{width:100%}.gallery-spacing-custom .elementor-image-gallery .gallery-icon{padding:0}@media (min-width:768px){.elementor-image-gallery .gallery-columns-2 .gallery-item{max-width:50%}.elementor-image-gallery .gallery-columns-3 .gallery-item{max-width:33.33%}.elementor-image-gallery .gallery-columns-4 .gallery-item{max-width:25%}.elementor-image-gallery .gallery-columns-5 .gallery-item{max-width:20%}.elementor-image-gallery .gallery-columns-6 .gallery-item{max-width:16.666%}.elementor-image-gallery .gallery-columns-7 .gallery-item{max-width:14.28%}.elementor-image-gallery .gallery-columns-8 .gallery-item{max-width:12.5%}.elementor-image-gallery .gallery-columns-9 .gallery-item{max-width:11.11%}.elementor-image-gallery .gallery-columns-10 .gallery-item{max-width:10%}}@media (min-width:480px) and (max-width:767px){.elementor-image-gallery .gallery.gallery-columns-2 .gallery-item,.elementor-image-gallery .gallery.gallery-columns-3 .gallery-item,.elementor-image-gallery .gallery.gallery-columns-4 .gallery-item,.elementor-image-gallery .gallery.gallery-columns-5 .gallery-item,.elementor-image-gallery .gallery.gallery-columns-6 .gallery-item,.elementor-image-gallery .gallery.gallery-columns-7 .gallery-item,.elementor-image-gallery .gallery.gallery-columns-8 .gallery-item,.elementor-image-gallery .gallery.gallery-columns-9 .gallery-item,.elementor-image-gallery .gallery.gallery-columns-10 .gallery-item{max-width:50%}}@media (max-width:479px){.elementor-image-gallery .gallery.gallery-columns-2 .gallery-item,.elementor-image-gallery .gallery.gallery-columns-3 .gallery-item,.elementor-image-gallery .gallery.gallery-columns-4 .gallery-item,.elementor-image-gallery .gallery.gallery-columns-5 .gallery-item,.elementor-image-gallery .gallery.gallery-columns-6 .gallery-item,.elementor-image-gallery .gallery.gallery-columns-7 .gallery-item,.elementor-image-gallery .gallery.gallery-columns-8 .gallery-item,.elementor-image-gallery .gallery.gallery-columns-9 .gallery-item,.elementor-image-gallery .gallery.gallery-columns-10 .gallery-item{max-width:100%}}<\/style>\t\t<div class=\"elementor-image-gallery\">\n\t\t\t<div id='gallery-1' class='gallery galleryid-1439 gallery-columns-4 gallery-size-medium'><figure class='gallery-item'>\n\t\t\t<div class='gallery-icon landscape'>\n\t\t\t\t<img loading=\"lazy\" decoding=\"async\" width=\"244\" height=\"126\" src=\"data:image\/gif;base64,R0lGODlhAQABAAAAACH5BAEKAAEALAAAAAABAAEAAAICTAEAOw==\" class=\"attachment-medium size-medium lazyload\" alt=\"Logo Fundusze Europejskie Polska Wschodnia\" data-src=\"https:\/\/traptech.pl\/wp-content\/uploads\/2023\/04\/image1.png\">\n\t\t\t<\/div><\/figure><figure class='gallery-item'>\n\t\t\t<div class='gallery-icon landscape'>\n\t\t\t\t<img loading=\"lazy\" decoding=\"async\" width=\"253\" height=\"114\" src=\"data:image\/gif;base64,R0lGODlhAQABAAAAACH5BAEKAAEALAAAAAABAAEAAAICTAEAOw==\" class=\"attachment-medium size-medium lazyload\" alt=\"Logo Polskiej Agencji Rozwoju Przedsi\u0119biorczo\u015bci oraz grupy PFR z dopiskiem symbolizuj\u0105cym dwudziestolecie dzia\u0142alno\u015bci\" aria-describedby=\"gallery-1-994\" data-src=\"https:\/\/traptech.pl\/wp-content\/uploads\/2023\/04\/image-1.png\">\n\t\t\t<\/div>\n\t\t\t\t<figcaption class='wp-caption-text gallery-caption' id='gallery-1-994'>\n\t\t\t\tLogo Polskiej Agencji Rozwoju Przedsi\u0119biorczo\u015bci oraz grupy PFR z dopiskiem symbolizuj\u0105cym dwudziestolecie dzia\u0142alno\u015bci\n\t\t\t\t<\/figcaption><\/figure><figure class='gallery-item'>\n\t\t\t<div class='gallery-icon landscape'>\n\t\t\t\t<img loading=\"lazy\" decoding=\"async\" width=\"300\" height=\"100\" src=\"data:image\/gif;base64,R0lGODlhAQABAAAAACH5BAEKAAEALAAAAAABAAEAAAICTAEAOw==\" class=\"attachment-medium size-medium lazyload\" alt=\"Flaga Polski obok napisu Rzeczpospolita Polska\" aria-describedby=\"gallery-1-998\" sizes=\"auto, (max-width: 300px) 100vw, 300px\" data-src=\"https:\/\/traptech.pl\/wp-content\/uploads\/2023\/04\/image3-300x100.jpg\" data-srcset=\"https:\/\/traptech.pl\/wp-content\/uploads\/2023\/04\/image3-300x100.jpg 300w, https:\/\/traptech.pl\/wp-content\/uploads\/2023\/04\/image3-600x200.jpg 600w, https:\/\/traptech.pl\/wp-content\/uploads\/2023\/04\/image3.jpg 605w\">\n\t\t\t<\/div>\n\t\t\t\t<figcaption class='wp-caption-text gallery-caption' id='gallery-1-998'>\n\t\t\t\tFlaga Polski obok napisu Rzeczpospolita Polska\n\t\t\t\t<\/figcaption><\/figure><figure class='gallery-item'>\n\t\t\t<div class='gallery-icon landscape'>\n\t\t\t\t<img loading=\"lazy\" decoding=\"async\" width=\"300\" height=\"98\" src=\"data:image\/gif;base64,R0lGODlhAQABAAAAACH5BAEKAAEALAAAAAABAAEAAAICTAEAOw==\" class=\"attachment-medium size-medium lazyload\" alt=\"Flaga Unii Europejskiej z napisem &quot;Unia Europejska, Europejski Fundusz Rozwoju Regionalnego&quot;\" aria-describedby=\"gallery-1-1000\" sizes=\"auto, (max-width: 300px) 100vw, 300px\" data-src=\"https:\/\/traptech.pl\/wp-content\/uploads\/2023\/04\/image4-300x98.jpg\" data-srcset=\"https:\/\/traptech.pl\/wp-content\/uploads\/2023\/04\/image4-300x98.jpg 300w, https:\/\/traptech.pl\/wp-content\/uploads\/2023\/04\/image4.jpg 583w\">\n\t\t\t<\/div>\n\t\t\t\t<figcaption class='wp-caption-text gallery-caption' id='gallery-1-1000'>\n\t\t\t\tFlaga Unii Europejskiej z napisem &#8220;Unia Europejska, Europejski Fundusz Rozwoju Regionalnego&#8221;\n\t\t\t\t<\/figcaption><\/figure>\n\t\t<\/div>\n\t\t<\/div>\n\t\t\t\t<\/div>\n\t\t\t\t<\/div>\n\t\t\t\t<div class=\"elementor-element elementor-element-ebff9b6 elementor-widget elementor-widget-text-editor\" data-id=\"ebff9b6\" data-element_type=\"widget\" data-widget_type=\"text-editor.default\">\n\t\t\t\t<div class=\"elementor-widget-container\">\n\t\t\t<style>\/*! elementor - v3.15.0 - 20-08-2023 *\/\n.elementor-widget-text-editor.elementor-drop-cap-view-stacked .elementor-drop-cap{background-color:#69727d;color:#fff}.elementor-widget-text-editor.elementor-drop-cap-view-framed .elementor-drop-cap{color:#69727d;border:3px solid;background-color:transparent}.elementor-widget-text-editor:not(.elementor-drop-cap-view-default) .elementor-drop-cap{margin-top:8px}.elementor-widget-text-editor:not(.elementor-drop-cap-view-default) .elementor-drop-cap-letter{width:1em;height:1em}.elementor-widget-text-editor .elementor-drop-cap{float:left;text-align:center;line-height:1;font-size:50px}.elementor-widget-text-editor .elementor-drop-cap-letter{display:inline-block}<\/style>\t\t\t\t<p><strong>TrapTech sp. z o.o. is implementing a project subsidized by European Funds from the Operational Program of Eastern Poland j 2014-2020, Measure 1.1. Startup platforms for new ideas 1.1.2 Development of startups in Eastern Poland<\/strong><\/p>\n<p><strong><em>  pt. &#8220;TrapTech &#8211; Digital Minefield&#8221;.<\/em><\/strong><\/p>\n<p><strong>Project Objective:<\/strong><strong> <\/strong><strong>The goal of the project is to market a solution that supports the maintenance of security of processed information in enterprises. The solution is built on traps deployed within the customers&#8217; internal IT network. Counterfeit services that appear valuable from the attacker&#8217;s point of view are created in the organization&#8217;s network infrastructure, known as &#8220;fake services. traps.  <\/strong><\/p>\n<p><strong>Planned effects: The tasks envisaged under the project are designed to negate the negative consequences of a cyber attack once the attacker has gained unwanted access to the internal IT network.<\/strong><\/p>\n<p><strong>Implementation date:<\/strong><strong> <\/strong><strong>01.01.2022 &#8211; 31.12.2023<\/strong><\/p>\n<p><strong>Project value: <\/strong><strong>1,142,718.22 PLN<\/strong><\/p>\n<p><strong>Funding amount: 958,970.00 PLN<\/strong><\/p>\n<p><a href=\"https:\/\/mapadotacji.gov.pl\/projekty\/1473333\/\" target=\"_blank\" rel=\"noreferrer noopener\">https:\/\/mapadotacji.gov.pl\/projekty\/1473333\/<\/a><\/p>\n\t\t\t\t\t\t<\/div>\n\t\t\t\t<\/div>\n\t\t\t\t\t<\/div>\n\t\t<\/div>\n\t\t\t\t\t\t\t<\/div>\n\t\t<\/section>\n\t\t\t\t\t\t\t<\/div>\n\t\t","protected":false},"excerpt":{"rendered":"<p>TrapTech sp. z o.o. is implementing a project subsidized by European Funds from the Operational Program of Eastern Poland j 2014-2020, Measure 1.1. Startup platforms for new ideas 1.1.2 Development of startups in Eastern Poland pt. &#8220;TrapTech &#8211; Digital Minefield&#8221;. Project Objective: The goal of the project is to market a solution that supports the [&hellip;]<\/p>\n","protected":false},"author":1,"featured_media":0,"parent":0,"menu_order":0,"comment_status":"closed","ping_status":"closed","template":"","meta":{"footnotes":""},"class_list":["post-1439","page","type-page","status-publish","hentry"],"acf":[],"_links":{"self":[{"href":"https:\/\/traptech.pl\/en\/wp-json\/wp\/v2\/pages\/1439","targetHints":{"allow":["GET"]}}],"collection":[{"href":"https:\/\/traptech.pl\/en\/wp-json\/wp\/v2\/pages"}],"about":[{"href":"https:\/\/traptech.pl\/en\/wp-json\/wp\/v2\/types\/page"}],"author":[{"embeddable":true,"href":"https:\/\/traptech.pl\/en\/wp-json\/wp\/v2\/users\/1"}],"replies":[{"embeddable":true,"href":"https:\/\/traptech.pl\/en\/wp-json\/wp\/v2\/comments?post=1439"}],"version-history":[{"count":4,"href":"https:\/\/traptech.pl\/en\/wp-json\/wp\/v2\/pages\/1439\/revisions"}],"predecessor-version":[{"id":1931,"href":"https:\/\/traptech.pl\/en\/wp-json\/wp\/v2\/pages\/1439\/revisions\/1931"}],"wp:attachment":[{"href":"https:\/\/traptech.pl\/en\/wp-json\/wp\/v2\/media?parent=1439"}],"curies":[{"name":"wp","href":"https:\/\/api.w.org\/{rel}","templated":true}]}}